{"id":12,"date":"2025-08-14T22:43:16","date_gmt":"2025-08-14T22:43:16","guid":{"rendered":"http:\/\/xqtutyr.cluster021.hosting.ovh.net\/?page_id=12"},"modified":"2026-02-13T10:11:25","modified_gmt":"2026-02-13T09:11:25","slug":"candidater","status":"publish","type":"page","link":"https:\/\/upacotentin.fr\/index.php\/candidater\/","title":{"rendered":"Candidater"},"content":{"rendered":"\n<div style=\"height:80px\" aria-hidden=\"true\" class=\"wp-block-spacer\"><\/div>\n\n\n\n<h1 class=\"wp-block-heading has-text-align-center\">Bulletin de candidature<\/h1>\n\n\n\n<h3 class=\"wp-block-heading has-text-align-center\">Formation du lundi 30 mars au vendredi 1er mai 2026<\/h3>\n\n\n\n<div style=\"height:67px\" aria-hidden=\"true\" class=\"wp-block-spacer\"><\/div>\n\n\n\n<p>L\u2019UPA Cotentin a pour vocation \u00e0 \u201cr\u00e9empaysanner et r\u00e9artisaner\u201d les esprits, les pratiques, la politique et \u00e0 donner la possibilit\u00e9 \u00e0 chacun-e de faire l\u2019exp\u00e9rience de la paysannerie. Cette formation s\u2019adresse \u00e0 tous et toutes dans l\u2019id\u00e9e d\u2019ouvrir l\u2019agriculture sur les villes, les \u00e9tudiant-es, les ouvrier-es, \u2026bref sur toute la soci\u00e9t\u00e9; et de permettre \u00e0 celles et ceux qui le souhaitent de r\u00e9investir les champs, pour un mois, le temps d\u2019une d\u00e9couverte, ou pour la vie, dans le cadre d\u2019un projet professionnel.<\/p>\n\n\n\n<p>Afin de s\u00e9lectionner les participant-es \u00e0 la session d\u2019avril, merci de remplir ce questionnaire. Toutes les candidatures seront \u00e9tudi\u00e9es et une r\u00e9ponse sera apport\u00e9e pour chacune.<\/p>\n\n\n\n<p><strong>Note :<\/strong> La formation est gratuite, les repas sont compris, mais chaque participant-e doit adh\u00e9rer \u00e0 l\u2019association de l\u2019UPA Cotentin pour la somme de 10\u20ac.<\/p>\n\n\n\n<div style=\"height:67px\" aria-hidden=\"true\" class=\"wp-block-spacer\"><\/div>\n\n\n\n<div class=\"forminator-guttenberg\"><div class=\"forminator-ui forminator-custom-form forminator-custom-form-154 forminator-design--default  forminator_ajax\" data-forminator-render=\"0\" data-form=\"forminator-module-154\" data-uid=\"69f541f98abb7\"><br\/><\/div><form\n\t\t\t\tid=\"forminator-module-154\"\n\t\t\t\tclass=\"forminator-ui forminator-custom-form forminator-custom-form-154 forminator-design--default  forminator_ajax\"\n\t\t\t\tmethod=\"post\"\n\t\t\t\tdata-forminator-render=\"0\"\n\t\t\t\tdata-form-id=\"154\"\n\t\t\t\t data-color-option=\"theme\" data-design=\"default\" data-grid=\"open\" style=\"display: none;\"\n\t\t\t\tdata-uid=\"69f541f98abb7\"\n\t\t\t><div role=\"alert\" aria-live=\"polite\" class=\"forminator-response-message forminator-error\" aria-hidden=\"true\"><\/div><div class=\"forminator-row\"><div id=\"name-1\" class=\"forminator-field-name forminator-col forminator-col-12 \"><div class=\"forminator-field\"><label for=\"forminator-field-name-1_69f541f98abb7\" id=\"forminator-field-name-1_69f541f98abb7-label\" class=\"forminator-label\">Pr\u00e9nom <span class=\"forminator-required\">*<\/span><\/label><input type=\"text\" name=\"name-1\" value=\"\" placeholder=\"\" id=\"forminator-field-name-1_69f541f98abb7\" class=\"forminator-input forminator-name--field\" aria-required=\"true\" autocomplete=\"name\" \/><\/div><\/div><\/div><div class=\"forminator-row\"><div id=\"name-2\" class=\"forminator-field-name forminator-col forminator-col-12 \"><div class=\"forminator-field\"><label for=\"forminator-field-name-2_69f541f98abb7\" id=\"forminator-field-name-2_69f541f98abb7-label\" class=\"forminator-label\">Nom <span class=\"forminator-required\">*<\/span><\/label><input type=\"text\" name=\"name-2\" value=\"\" placeholder=\"\" id=\"forminator-field-name-2_69f541f98abb7\" class=\"forminator-input forminator-name--field\" aria-required=\"true\" autocomplete=\"name\" \/><\/div><\/div><\/div><div class=\"forminator-row\"><div id=\"address-1\" class=\"forminator-field-address forminator-col forminator-col-12 \"><div class=\"forminator-row\"><div id=\"address-1-street_address\" class=\"forminator-col\"><div class=\"forminator-field\"><label for=\"forminator-field-address-1-street_address_69f541f98abb7\" id=\"forminator-field-address-1-street_address_69f541f98abb7-label\" class=\"forminator-label\">Rue <span class=\"forminator-required\">*<\/span><\/label><input type=\"text\" name=\"address-1-street_address\" placeholder=\"\" id=\"forminator-field-address-1-street_address_69f541f98abb7\" class=\"forminator-input\" data-required=\"1\" aria-required=\"true\" autocomplete=\"address-line1\" value=\"\" \/><\/div><\/div><\/div><div class=\"forminator-row\" data-multiple=\"false\"><div id=\"address-1-city\" class=\"forminator-col forminator-col-12\"><div class=\"forminator-field\"><label for=\"forminator-field-address-1-city_69f541f98abb7\" id=\"forminator-field-address-1-city_69f541f98abb7-label\" class=\"forminator-label\">Ville <span class=\"forminator-required\">*<\/span><\/label><input type=\"text\" name=\"address-1-city\" placeholder=\"\" id=\"forminator-field-address-1-city_69f541f98abb7\" class=\"forminator-input\" data-required=\"1\" aria-required=\"true\" autocomplete=\"address-level2\" value=\"\" \/><\/div><\/div><\/div><div class=\"forminator-row\" data-multiple=\"false\"><div id=\"address-1-zip\" class=\"forminator-col forminator-col-12\"><div class=\"forminator-field\"><label for=\"forminator-field-address-1-zip_69f541f98abb7\" id=\"forminator-field-address-1-zip_69f541f98abb7-label\" class=\"forminator-label\">Code postal <span class=\"forminator-required\">*<\/span><\/label><input type=\"text\" name=\"address-1-zip\" placeholder=\"\" id=\"forminator-field-address-1-zip_69f541f98abb7\" class=\"forminator-input\" autocomplete=\"postal-code\" value=\"\" \/><\/div><\/div><\/div><\/div><\/div><div class=\"forminator-row\"><div id=\"email-1\" class=\"forminator-field-email forminator-col forminator-col-12 \"><div class=\"forminator-field\"><label for=\"forminator-field-email-1_69f541f98abb7\" id=\"forminator-field-email-1_69f541f98abb7-label\" class=\"forminator-label\">Email <span class=\"forminator-required\">*<\/span><\/label><input type=\"email\" name=\"email-1\" value=\"\" placeholder=\"\" id=\"forminator-field-email-1_69f541f98abb7\" class=\"forminator-input forminator-email--field\" data-required=\"true\" aria-required=\"true\" autocomplete=\"email\" \/><\/div><\/div><\/div><div class=\"forminator-row\"><div id=\"phone-1\" class=\"forminator-field-phone forminator-col forminator-col-12 \"><div class=\"forminator-field\"><label for=\"forminator-field-phone-1_69f541f98abb7\" id=\"forminator-field-phone-1_69f541f98abb7-label\" class=\"forminator-label\">Num\u00e9ro de t\u00e9l\u00e9phone <span class=\"forminator-required\">*<\/span><\/label><input type=\"text\" name=\"phone-1\" value=\"\" placeholder=\"\" id=\"forminator-field-phone-1_69f541f98abb7\" class=\"forminator-input forminator-field--phone\" data-required=\"1\" aria-required=\"true\" autocomplete=\"off\" \/><\/div><\/div><\/div><div class=\"forminator-row\"><div id=\"textarea-1\" class=\"forminator-field-textarea forminator-col forminator-col-12 \"><div class=\"forminator-field\"><label for=\"forminator-field-textarea-1_69f541f98abb7\" id=\"forminator-field-textarea-1_69f541f98abb7-label\" class=\"forminator-label\">Comment avez-vous entendu parler de l\u2019UPA ? Qu\u2019est ce qui vous pla\u00eet dans ce projet ? <span class=\"forminator-required\">*<\/span><\/label><textarea name=\"textarea-1\" placeholder=\"\" id=\"forminator-field-textarea-1_69f541f98abb7\" class=\"forminator-textarea\" rows=\"6\" style=\"min-height:140px;\" ><\/textarea><\/div><\/div><\/div><div class=\"forminator-row\"><div id=\"textarea-2\" class=\"forminator-field-textarea forminator-col forminator-col-12 \"><div class=\"forminator-field\"><label for=\"forminator-field-textarea-2_69f541f98abb7\" id=\"forminator-field-textarea-2_69f541f98abb7-label\" class=\"forminator-label\">Quel est votre lien \u00e0 la paysannerie et\/ou l\u2019artisanat ? <span class=\"forminator-required\">*<\/span><\/label><textarea name=\"textarea-2\" placeholder=\"\" id=\"forminator-field-textarea-2_69f541f98abb7\" class=\"forminator-textarea\" rows=\"6\" style=\"min-height:140px;\" ><\/textarea><\/div><\/div><\/div><div class=\"forminator-row\"><div id=\"textarea-3\" class=\"forminator-field-textarea forminator-col forminator-col-12 \"><div class=\"forminator-field\"><label for=\"forminator-field-textarea-3_69f541f98abb7\" id=\"forminator-field-textarea-3_69f541f98abb7-label\" class=\"forminator-label\">Quels sont vos objectifs en participant \u00e0 cette de session de formation de l\u2019UPA Cotentin ? <span class=\"forminator-required\">*<\/span><\/label><textarea name=\"textarea-3\" placeholder=\"\" id=\"forminator-field-textarea-3_69f541f98abb7\" class=\"forminator-textarea\" rows=\"6\" style=\"min-height:140px;\" ><\/textarea><\/div><\/div><\/div><div class=\"forminator-row\"><div id=\"radio-3\" class=\"forminator-field-radio forminator-col forminator-col-12 \"><div role=\"radiogroup\" class=\"forminator-field\" aria-labelledby=\"forminator-radiogroup-radio-3-69f541f98abb7-label\"><span id=\"forminator-radiogroup-radio-3-69f541f98abb7-label\" class=\"forminator-label\">Sollicitez-vous un logement pour le temps de la formation ? <span class=\"forminator-required\">*<\/span><\/span><label id=\"forminator-field-radio-3-label-1\" for=\"forminator-field-radio-3-1-69f541f98abb7\" class=\"forminator-radio\" title=\"Oui\"><input type=\"radio\" name=\"radio-3\" value=\"one\" id=\"forminator-field-radio-3-1-69f541f98abb7\" aria-labelledby=\"forminator-field-radio-3-label-1\" data-calculation=\"0\"   data-hidden-behavior=\"zero\"\/><span class=\"forminator-radio-bullet\" aria-hidden=\"true\"><\/span><span class=\"forminator-radio-label\">Oui<\/span><\/label><label id=\"forminator-field-radio-3-label-2\" for=\"forminator-field-radio-3-2-69f541f98abb7\" class=\"forminator-radio\" title=\"Non\"><input type=\"radio\" name=\"radio-3\" value=\"two\" id=\"forminator-field-radio-3-2-69f541f98abb7\" aria-labelledby=\"forminator-field-radio-3-label-2\" data-calculation=\"0\" checked=\"checked\"  data-hidden-behavior=\"zero\"\/><span class=\"forminator-radio-bullet\" aria-hidden=\"true\"><\/span><span class=\"forminator-radio-label\">Non<\/span><\/label><\/div><\/div><\/div><div class=\"forminator-row\"><div id=\"section-1\" class=\"forminator-field-section forminator-col forminator-col-12 \"><div class=\"forminator-field\"><h3 class=\"forminator-subtitle\">Pour des raisons d&#039;organisation :<\/h3><\/div><\/div><\/div><div class=\"forminator-row\"><div id=\"radio-2\" class=\"forminator-field-radio forminator-col forminator-col-6 \"><div role=\"radiogroup\" class=\"forminator-field\" aria-labelledby=\"forminator-radiogroup-radio-2-69f541f98abb7-label\"><span id=\"forminator-radiogroup-radio-2-69f541f98abb7-label\" class=\"forminator-label\">Poss\u00e9dez-vous le permis ? <span class=\"forminator-required\">*<\/span><\/span><label id=\"forminator-field-radio-2-label-1\" for=\"forminator-field-radio-2-1-69f541f98abb7\" class=\"forminator-radio\" title=\"Oui\"><input type=\"radio\" name=\"radio-2\" value=\"one\" id=\"forminator-field-radio-2-1-69f541f98abb7\" aria-labelledby=\"forminator-field-radio-2-label-1\" data-calculation=\"0\"   data-hidden-behavior=\"zero\"\/><span class=\"forminator-radio-bullet\" aria-hidden=\"true\"><\/span><span class=\"forminator-radio-label\">Oui<\/span><\/label><label id=\"forminator-field-radio-2-label-2\" for=\"forminator-field-radio-2-2-69f541f98abb7\" class=\"forminator-radio\" title=\"Non\"><input type=\"radio\" name=\"radio-2\" value=\"two\" id=\"forminator-field-radio-2-2-69f541f98abb7\" aria-labelledby=\"forminator-field-radio-2-label-2\" data-calculation=\"0\" checked=\"checked\"  data-hidden-behavior=\"zero\"\/><span class=\"forminator-radio-bullet\" aria-hidden=\"true\"><\/span><span class=\"forminator-radio-label\">Non<\/span><\/label><\/div><\/div><div id=\"radio-1\" class=\"forminator-field-radio forminator-col forminator-col-6 \"><div role=\"radiogroup\" class=\"forminator-field\" aria-labelledby=\"forminator-radiogroup-radio-1-69f541f98abb7-label\"><span id=\"forminator-radiogroup-radio-1-69f541f98abb7-label\" class=\"forminator-label\">Aurez-vous une voiture ? <span class=\"forminator-required\">*<\/span><\/span><label id=\"forminator-field-radio-1-label-1\" for=\"forminator-field-radio-1-1-69f541f98abb7\" class=\"forminator-radio\" title=\"Oui\"><input type=\"radio\" name=\"radio-1\" value=\"one\" id=\"forminator-field-radio-1-1-69f541f98abb7\" aria-labelledby=\"forminator-field-radio-1-label-1\" data-calculation=\"0\"   data-hidden-behavior=\"zero\"\/><span class=\"forminator-radio-bullet\" aria-hidden=\"true\"><\/span><span class=\"forminator-radio-label\">Oui<\/span><\/label><label id=\"forminator-field-radio-1-label-2\" for=\"forminator-field-radio-1-2-69f541f98abb7\" class=\"forminator-radio\" title=\"Non\"><input type=\"radio\" name=\"radio-1\" value=\"two\" id=\"forminator-field-radio-1-2-69f541f98abb7\" aria-labelledby=\"forminator-field-radio-1-label-2\" data-calculation=\"0\" checked=\"checked\"  data-hidden-behavior=\"zero\"\/><span class=\"forminator-radio-bullet\" aria-hidden=\"true\"><\/span><span class=\"forminator-radio-label\">Non<\/span><\/label><\/div><\/div><\/div><input type=\"hidden\" name=\"referer_url\" value=\"\" \/><div class=\"forminator-row forminator-row-last\"><div class=\"forminator-col\"><div class=\"forminator-field\"><button class=\"forminator-button forminator-button-submit\">Envoyer<\/button><\/div><\/div><\/div><input type=\"hidden\" id=\"forminator_nonce\" name=\"forminator_nonce\" value=\"df0fbf05e7\" \/><input type=\"hidden\" name=\"_wp_http_referer\" value=\"\/index.php\/wp-json\/wp\/v2\/pages\/12\" \/><input type=\"hidden\" name=\"form_id\" value=\"154\"><input type=\"hidden\" name=\"page_id\" value=\"12\"><input type=\"hidden\" name=\"form_type\" value=\"default\"><input type=\"hidden\" name=\"current_url\" value=\"https:\/\/upacotentin.fr\/index.php\/candidater\/\"><input type=\"hidden\" name=\"render_id\" value=\"0\"><input type=\"hidden\" name=\"action\" value=\"forminator_submit_form_custom-forms\"><\/form><\/div>\n","protected":false},"excerpt":{"rendered":"<p>Bulletin de candidature Formation du lundi 30 mars au vendredi 1er mai 2026 L\u2019UPA Cotentin a pour vocation \u00e0 \u201cr\u00e9empaysanner [&hellip;]<\/p>\n","protected":false},"author":1,"featured_media":0,"parent":0,"menu_order":0,"comment_status":"closed","ping_status":"closed","template":"","meta":{"_uag_custom_page_level_css":"","site-sidebar-layout":"default","site-content-layout":"","ast-site-content-layout":"default","site-content-style":"default","site-sidebar-style":"default","ast-global-header-display":"","ast-banner-title-visibility":"","ast-main-header-display":"","ast-hfb-above-header-display":"","ast-hfb-below-header-display":"","ast-hfb-mobile-header-display":"","site-post-title":"disabled","ast-breadcrumbs-content":"","ast-featured-img":"","footer-sml-layout":"","theme-transparent-header-meta":"","adv-header-id-meta":"","stick-header-meta":"","header-above-stick-meta":"","header-main-stick-meta":"","header-below-stick-meta":"","astra-migrate-meta-layouts":"default","ast-page-background-enabled":"default","ast-page-background-meta":{"desktop":{"background-color":"var(--ast-global-color-5)","background-image":"","background-repeat":"repeat","background-position":"center center","background-size":"auto","background-attachment":"scroll","background-type":"","background-media":"","overlay-type":"","overlay-color":"","overlay-opacity":"","overlay-gradient":""},"tablet":{"background-color":"","background-image":"","background-repeat":"repeat","background-position":"center center","background-size":"auto","background-attachment":"scroll","background-type":"","background-media":"","overlay-type":"","overlay-color":"","overlay-opacity":"","overlay-gradient":""},"mobile":{"background-color":"","background-image":"","background-repeat":"repeat","background-position":"center center","background-size":"auto","background-attachment":"scroll","background-type":"","background-media":"","overlay-type":"","overlay-color":"","overlay-opacity":"","overlay-gradient":""}},"ast-content-background-meta":{"desktop":{"background-color":"var(--ast-global-color-4)","background-image":"","background-repeat":"repeat","background-position":"center center","background-size":"auto","background-attachment":"scroll","background-type":"","background-media":"","overlay-type":"","overlay-color":"","overlay-opacity":"","overlay-gradient":""},"tablet":{"background-color":"var(--ast-global-color-4)","background-image":"","background-repeat":"repeat","background-position":"center center","background-size":"auto","background-attachment":"scroll","background-type":"","background-media":"","overlay-type":"","overlay-color":"","overlay-opacity":"","overlay-gradient":""},"mobile":{"background-color":"var(--ast-global-color-4)","background-image":"","background-repeat":"repeat","background-position":"center center","background-size":"auto","background-attachment":"scroll","background-type":"","background-media":"","overlay-type":"","overlay-color":"","overlay-opacity":"","overlay-gradient":""}},"footnotes":""},"class_list":["post-12","page","type-page","status-publish","hentry"],"yoast_head":"<!-- This site is optimized with the Yoast SEO plugin v26.4 - https:\/\/yoast.com\/wordpress\/plugins\/seo\/ -->\n<title>Candidater - UPA Cotentin<\/title>\n<meta name=\"robots\" content=\"index, follow, max-snippet:-1, max-image-preview:large, max-video-preview:-1\" \/>\n<link rel=\"canonical\" href=\"https:\/\/upacotentin.fr\/index.php\/candidater\/\" \/>\n<meta property=\"og:locale\" content=\"fr_FR\" \/>\n<meta property=\"og:type\" content=\"article\" \/>\n<meta property=\"og:title\" content=\"Candidater - UPA Cotentin\" \/>\n<meta property=\"og:description\" content=\"Bulletin de candidature Formation du lundi 30 mars au vendredi 1er mai 2026 L\u2019UPA Cotentin a pour vocation \u00e0 \u201cr\u00e9empaysanner [&hellip;]\" \/>\n<meta property=\"og:url\" content=\"https:\/\/upacotentin.fr\/index.php\/candidater\/\" \/>\n<meta property=\"og:site_name\" content=\"UPA Cotentin\" \/>\n<meta property=\"article:modified_time\" content=\"2026-02-13T09:11:25+00:00\" \/>\n<meta name=\"twitter:card\" content=\"summary_large_image\" \/>\n<meta name=\"twitter:label1\" content=\"Dur\u00e9e de lecture estim\u00e9e\" \/>\n\t<meta name=\"twitter:data1\" content=\"1 minute\" \/>\n<script type=\"application\/ld+json\" class=\"yoast-schema-graph\">{\"@context\":\"https:\/\/schema.org\",\"@graph\":[{\"@type\":\"WebPage\",\"@id\":\"https:\/\/upacotentin.fr\/index.php\/candidater\/\",\"url\":\"https:\/\/upacotentin.fr\/index.php\/candidater\/\",\"name\":\"Candidater - UPA Cotentin\",\"isPartOf\":{\"@id\":\"https:\/\/upacotentin.fr\/#website\"},\"datePublished\":\"2025-08-14T22:43:16+00:00\",\"dateModified\":\"2026-02-13T09:11:25+00:00\",\"breadcrumb\":{\"@id\":\"https:\/\/upacotentin.fr\/index.php\/candidater\/#breadcrumb\"},\"inLanguage\":\"fr-FR\",\"potentialAction\":[{\"@type\":\"ReadAction\",\"target\":[\"https:\/\/upacotentin.fr\/index.php\/candidater\/\"]}]},{\"@type\":\"BreadcrumbList\",\"@id\":\"https:\/\/upacotentin.fr\/index.php\/candidater\/#breadcrumb\",\"itemListElement\":[{\"@type\":\"ListItem\",\"position\":1,\"name\":\"Accueil\",\"item\":\"https:\/\/upacotentin.fr\/\"},{\"@type\":\"ListItem\",\"position\":2,\"name\":\"Candidater\"}]},{\"@type\":\"WebSite\",\"@id\":\"https:\/\/upacotentin.fr\/#website\",\"url\":\"https:\/\/upacotentin.fr\/\",\"name\":\"UPA Cotentin\",\"description\":\"Universit\u00e9 de la Paysannerie et de l&#039;Artisanat - Cotentin\",\"publisher\":{\"@id\":\"https:\/\/upacotentin.fr\/#organization\"},\"potentialAction\":[{\"@type\":\"SearchAction\",\"target\":{\"@type\":\"EntryPoint\",\"urlTemplate\":\"https:\/\/upacotentin.fr\/?s={search_term_string}\"},\"query-input\":{\"@type\":\"PropertyValueSpecification\",\"valueRequired\":true,\"valueName\":\"search_term_string\"}}],\"inLanguage\":\"fr-FR\"},{\"@type\":\"Organization\",\"@id\":\"https:\/\/upacotentin.fr\/#organization\",\"name\":\"Universit\u00e9 de la paysannerie et de l'artisanat - Cotentin\",\"alternateName\":\"UPA Cotentin\",\"url\":\"https:\/\/upacotentin.fr\/\",\"logo\":{\"@type\":\"ImageObject\",\"inLanguage\":\"fr-FR\",\"@id\":\"https:\/\/upacotentin.fr\/#\/schema\/logo\/image\/\",\"url\":\"https:\/\/upacotentin.fr\/wp-content\/uploads\/2025\/08\/cropped-Logos-UPA-TRANSPARENT-2.png\",\"contentUrl\":\"https:\/\/upacotentin.fr\/wp-content\/uploads\/2025\/08\/cropped-Logos-UPA-TRANSPARENT-2.png\",\"width\":1165,\"height\":536,\"caption\":\"Universit\u00e9 de la paysannerie et de l'artisanat - Cotentin\"},\"image\":{\"@id\":\"https:\/\/upacotentin.fr\/#\/schema\/logo\/image\/\"}}]}<\/script>\n<!-- \/ Yoast SEO plugin. -->","yoast_head_json":{"title":"Candidater - UPA Cotentin","robots":{"index":"index","follow":"follow","max-snippet":"max-snippet:-1","max-image-preview":"max-image-preview:large","max-video-preview":"max-video-preview:-1"},"canonical":"https:\/\/upacotentin.fr\/index.php\/candidater\/","og_locale":"fr_FR","og_type":"article","og_title":"Candidater - UPA Cotentin","og_description":"Bulletin de candidature Formation du lundi 30 mars au vendredi 1er mai 2026 L\u2019UPA Cotentin a pour vocation \u00e0 \u201cr\u00e9empaysanner [&hellip;]","og_url":"https:\/\/upacotentin.fr\/index.php\/candidater\/","og_site_name":"UPA Cotentin","article_modified_time":"2026-02-13T09:11:25+00:00","twitter_card":"summary_large_image","twitter_misc":{"Dur\u00e9e de lecture estim\u00e9e":"1 minute"},"schema":{"@context":"https:\/\/schema.org","@graph":[{"@type":"WebPage","@id":"https:\/\/upacotentin.fr\/index.php\/candidater\/","url":"https:\/\/upacotentin.fr\/index.php\/candidater\/","name":"Candidater - UPA Cotentin","isPartOf":{"@id":"https:\/\/upacotentin.fr\/#website"},"datePublished":"2025-08-14T22:43:16+00:00","dateModified":"2026-02-13T09:11:25+00:00","breadcrumb":{"@id":"https:\/\/upacotentin.fr\/index.php\/candidater\/#breadcrumb"},"inLanguage":"fr-FR","potentialAction":[{"@type":"ReadAction","target":["https:\/\/upacotentin.fr\/index.php\/candidater\/"]}]},{"@type":"BreadcrumbList","@id":"https:\/\/upacotentin.fr\/index.php\/candidater\/#breadcrumb","itemListElement":[{"@type":"ListItem","position":1,"name":"Accueil","item":"https:\/\/upacotentin.fr\/"},{"@type":"ListItem","position":2,"name":"Candidater"}]},{"@type":"WebSite","@id":"https:\/\/upacotentin.fr\/#website","url":"https:\/\/upacotentin.fr\/","name":"UPA Cotentin","description":"Universit\u00e9 de la Paysannerie et de l&#039;Artisanat - Cotentin","publisher":{"@id":"https:\/\/upacotentin.fr\/#organization"},"potentialAction":[{"@type":"SearchAction","target":{"@type":"EntryPoint","urlTemplate":"https:\/\/upacotentin.fr\/?s={search_term_string}"},"query-input":{"@type":"PropertyValueSpecification","valueRequired":true,"valueName":"search_term_string"}}],"inLanguage":"fr-FR"},{"@type":"Organization","@id":"https:\/\/upacotentin.fr\/#organization","name":"Universit\u00e9 de la paysannerie et de l'artisanat - Cotentin","alternateName":"UPA Cotentin","url":"https:\/\/upacotentin.fr\/","logo":{"@type":"ImageObject","inLanguage":"fr-FR","@id":"https:\/\/upacotentin.fr\/#\/schema\/logo\/image\/","url":"https:\/\/upacotentin.fr\/wp-content\/uploads\/2025\/08\/cropped-Logos-UPA-TRANSPARENT-2.png","contentUrl":"https:\/\/upacotentin.fr\/wp-content\/uploads\/2025\/08\/cropped-Logos-UPA-TRANSPARENT-2.png","width":1165,"height":536,"caption":"Universit\u00e9 de la paysannerie et de l'artisanat - Cotentin"},"image":{"@id":"https:\/\/upacotentin.fr\/#\/schema\/logo\/image\/"}}]}},"uagb_featured_image_src":{"full":false,"thumbnail":false,"medium":false,"medium_large":false,"large":false,"1536x1536":false,"2048x2048":false},"uagb_author_info":{"display_name":"Vincent","author_link":"https:\/\/upacotentin.fr\/index.php\/author\/admin4977\/"},"uagb_comment_info":0,"uagb_excerpt":"Bulletin de candidature Formation du lundi 30 mars au vendredi 1er mai 2026 L\u2019UPA Cotentin a pour vocation \u00e0 \u201cr\u00e9empaysanner [&hellip;]","_links":{"self":[{"href":"https:\/\/upacotentin.fr\/index.php\/wp-json\/wp\/v2\/pages\/12","targetHints":{"allow":["GET"]}}],"collection":[{"href":"https:\/\/upacotentin.fr\/index.php\/wp-json\/wp\/v2\/pages"}],"about":[{"href":"https:\/\/upacotentin.fr\/index.php\/wp-json\/wp\/v2\/types\/page"}],"author":[{"embeddable":true,"href":"https:\/\/upacotentin.fr\/index.php\/wp-json\/wp\/v2\/users\/1"}],"replies":[{"embeddable":true,"href":"https:\/\/upacotentin.fr\/index.php\/wp-json\/wp\/v2\/comments?post=12"}],"version-history":[{"count":6,"href":"https:\/\/upacotentin.fr\/index.php\/wp-json\/wp\/v2\/pages\/12\/revisions"}],"predecessor-version":[{"id":320,"href":"https:\/\/upacotentin.fr\/index.php\/wp-json\/wp\/v2\/pages\/12\/revisions\/320"}],"wp:attachment":[{"href":"https:\/\/upacotentin.fr\/index.php\/wp-json\/wp\/v2\/media?parent=12"}],"curies":[{"name":"wp","href":"https:\/\/api.w.org\/{rel}","templated":true}]}}