{"id":267,"date":"2025-10-15T21:21:25","date_gmt":"2025-10-15T19:21:25","guid":{"rendered":"https:\/\/upacotentin.fr\/?page_id=267"},"modified":"2025-11-23T20:58:45","modified_gmt":"2025-11-23T19:58:45","slug":"association","status":"publish","type":"page","link":"https:\/\/upacotentin.fr\/index.php\/association\/","title":{"rendered":"L&rsquo;association"},"content":{"rendered":"\n<div style=\"height:54px\" aria-hidden=\"true\" class=\"wp-block-spacer\"><\/div>\n\n\n\n<h1 class=\"wp-block-heading has-text-align-center\">L&rsquo;association<\/h1>\n\n\n\n<div style=\"height:54px\" aria-hidden=\"true\" class=\"wp-block-spacer\"><\/div>\n\n\n\n<figure class=\"wp-block-image aligncenter size-large is-resized\"><img loading=\"lazy\" decoding=\"async\" width=\"1149\" height=\"1149\" src=\"https:\/\/upacotentin.fr\/wp-content\/uploads\/2025\/08\/Logos-UPA-TRANSPARENT-1-edited.png\" alt=\"\" class=\"wp-image-110\" style=\"width:332px;height:auto\" srcset=\"https:\/\/upacotentin.fr\/wp-content\/uploads\/2025\/08\/Logos-UPA-TRANSPARENT-1-edited.png 1149w, https:\/\/upacotentin.fr\/wp-content\/uploads\/2025\/08\/Logos-UPA-TRANSPARENT-1-edited-300x300.png 300w, https:\/\/upacotentin.fr\/wp-content\/uploads\/2025\/08\/Logos-UPA-TRANSPARENT-1-edited-1024x1024.png 1024w, https:\/\/upacotentin.fr\/wp-content\/uploads\/2025\/08\/Logos-UPA-TRANSPARENT-1-edited-150x150.png 150w, https:\/\/upacotentin.fr\/wp-content\/uploads\/2025\/08\/Logos-UPA-TRANSPARENT-1-edited-768x768.png 768w\" sizes=\"auto, (max-width: 1149px) 100vw, 1149px\" \/><\/figure>\n\n\n\n<p><\/p>\n\n\n\n<h2 class=\"wp-block-heading has-text-align-center\">Rejoignez l&rsquo;UPA !<\/h2>\n\n\n\n<p class=\"has-text-align-center\">L\u2019Universit\u00e9 de la Paysannerie et de l\u2019Artisanat (UPA) est un lieu d\u00e9di\u00e9 \u00e0 la valorisation des savoir-faire paysans et artisanaux, \u00e0 la transmission des connaissances et \u00e0 la construction collective d\u2019un avenir durable.<\/p>\n\n\n\n<div class=\"wp-block-uagb-buttons uagb-buttons__outer-wrap uagb-btn__default-btn uagb-btn-tablet__default-btn uagb-btn-mobile__default-btn uagb-block-17e2db6a\"><div class=\"uagb-buttons__wrap uagb-buttons-layout-wrap \">\n<div class=\"wp-block-uagb-buttons-child uagb-buttons__outer-wrap uagb-block-7ca86229 wp-block-button\"><div class=\"uagb-button__wrapper\"><a class=\"uagb-buttons-repeater wp-block-button__link\" aria-label=\"\" href=\"https:\/\/upacotentin.fr\/index.php\/association\/adherer-a-lupa\/\" rel=\"follow noopener\" target=\"_self\" role=\"button\"><div class=\"uagb-button__link\">Adh\u00e9rer<\/div><\/a><\/div><\/div>\n\n\n\n<div class=\"wp-block-uagb-buttons-child uagb-buttons__outer-wrap uagb-block-22abdbb6 wp-block-button\"><div class=\"uagb-button__wrapper\"><a class=\"uagb-buttons-repeater wp-block-button__link\" aria-label=\"\" href=\"mailto:contact@upacotentin.fr\" rel=\"follow noopener\" target=\"_self\" role=\"button\"><div class=\"uagb-button__link\">Nous \u00e9crire<\/div><\/a><\/div><\/div>\n<\/div><\/div>\n\n\n\n<h2 class=\"wp-block-heading has-text-align-center\">Pour un r\u00e9empaysannement et un r\u00e9artisanement du pays<\/h2>\n\n\n\n<p class=\"has-text-align-center\">Malgr\u00e9 l\u2019emprise du productivisme qui tue lentement nos \u00ab petits \u00bb agriculteurs, la situation est plus fertile en r\u00e9volution qu\u2019on ne le croit. Elle exige n\u00e9anmoins de <strong>repenser \u00e0 la fois notre culture alimentaire en m\u00eame temps que celle de notre \u00e9ducation<\/strong>. L\u2019UPA est \u00e0 la jonction de ces deux pr\u00e9occupations majeures. Afin de r\u00e9pondre \u00e0 la hauteur des enjeux, elle participe \u00e0 <strong>restaurer le lien pr\u00e9cieux entre les espaces ruraux et urbains<\/strong>, reconnectant ainsi des mondes que la modernisation a tant \u00e9loign\u00e9s et qui ont pourtant tout int\u00e9r\u00eat \u00e0 se rejoindre dans la lutte contre les effets d\u00e9l\u00e9t\u00e8res de ce soi-disant progr\u00e8s. Elle a \u00e9galement pour objectif de <strong>remettre la question alimentaire au centre des pr\u00e9occupations des citoyens<\/strong> et en particulier des jeunes g\u00e9n\u00e9rations, consid\u00e9rant qu\u2019\u00eatre capable de r\u00e9fl\u00e9chir \u00e0 notre fa\u00e7on de s\u2019alimenter et de produire en cons\u00e9quence devraient \u00eatre des gestes aussi habituels et anodins qu\u2019un brossage de dents.<\/p>\n\n\n\n<h2 class=\"wp-block-heading has-text-align-center\">Les repr\u00e9sentants de l&rsquo;association<\/h2>\n\n\n\n<p class=\"has-text-align-center\"><strong>Jean-S\u00e9bastien Choubrac<\/strong>, paysan mara\u00eecher \u00e0 la ferme H\u00e9b\u00e9 \u00e0 N\u00e9hou et restaurateur au Terminus \u00e0 Barneville-Carteret.<\/p>\n\n\n\n<p class=\"has-text-align-center\"><strong>Ma\u00ebla Jaouen<\/strong>, artisane boulang\u00e8re qui fabrique des pains, brioches et biscuits bio au levain au Fournil des petits pas \u00e0 Cherbourg-en-Cotentin.<\/p>\n\n\n\n<p><\/p>\n\n\n\n<h2 class=\"wp-block-heading has-text-align-center\">H\u00e9b\u00e9, premi\u00e8re ferme d&rsquo;accueil dans le Cotentin<\/h2>\n\n\n\n<p class=\"has-text-align-center\">La ferme H\u00e9b\u00e9, situ\u00e9e \u00e0 N\u00e9hou dans le d\u00e9partement de la Manche (50), accueillera les premiers \u00e9tudiants de l\u2019UPA au mois d\u2019octobre 2025.<\/p>\n\n\n\n<figure class=\"wp-block-image aligncenter size-large is-resized\"><img loading=\"lazy\" decoding=\"async\" width=\"1024\" height=\"683\" src=\"https:\/\/upacotentin.fr\/wp-content\/uploads\/2025\/08\/143-1024x683.jpg\" alt=\"\" class=\"wp-image-28\" style=\"width:753px;height:auto\" srcset=\"https:\/\/upacotentin.fr\/wp-content\/uploads\/2025\/08\/143-1024x683.jpg 1024w, https:\/\/upacotentin.fr\/wp-content\/uploads\/2025\/08\/143-300x200.jpg 300w, https:\/\/upacotentin.fr\/wp-content\/uploads\/2025\/08\/143-768x512.jpg 768w, https:\/\/upacotentin.fr\/wp-content\/uploads\/2025\/08\/143-1536x1024.jpg 1536w, https:\/\/upacotentin.fr\/wp-content\/uploads\/2025\/08\/143-2048x1365.jpg 2048w\" sizes=\"auto, (max-width: 1024px) 100vw, 1024px\" \/><\/figure>\n\n\n\n<div class=\"wp-block-uagb-buttons uagb-buttons__outer-wrap uagb-btn__default-btn uagb-btn-tablet__default-btn uagb-btn-mobile__default-btn uagb-block-47968060\"><div class=\"uagb-buttons__wrap uagb-buttons-layout-wrap \">\n<div class=\"wp-block-uagb-buttons-child uagb-buttons__outer-wrap uagb-block-ebf96b31 wp-block-button\"><div class=\"uagb-button__wrapper\"><a class=\"uagb-buttons-repeater wp-block-button__link\" aria-label=\"\" href=\"mailto:contact@upacotentin.fr\" rel=\"follow noopener\" target=\"_self\" role=\"button\"><div class=\"uagb-button__link\">Nous \u00e9crire<\/div><\/a><\/div><\/div>\n<\/div><\/div>\n","protected":false},"excerpt":{"rendered":"<p>L&rsquo;association Rejoignez l&rsquo;UPA ! L\u2019Universit\u00e9 de la Paysannerie et de l\u2019Artisanat (UPA) est un lieu d\u00e9di\u00e9 \u00e0 la valorisation des [&hellip;]<\/p>\n","protected":false},"author":1,"featured_media":110,"parent":0,"menu_order":0,"comment_status":"closed","ping_status":"closed","template":"","meta":{"_uag_custom_page_level_css":"","site-sidebar-layout":"default","site-content-layout":"","ast-site-content-layout":"default","site-content-style":"default","site-sidebar-style":"default","ast-global-header-display":"","ast-banner-title-visibility":"","ast-main-header-display":"","ast-hfb-above-header-display":"","ast-hfb-below-header-display":"","ast-hfb-mobile-header-display":"","site-post-title":"disabled","ast-breadcrumbs-content":"","ast-featured-img":"disabled","footer-sml-layout":"","theme-transparent-header-meta":"","adv-header-id-meta":"","stick-header-meta":"","header-above-stick-meta":"","header-main-stick-meta":"","header-below-stick-meta":"","astra-migrate-meta-layouts":"default","ast-page-background-enabled":"default","ast-page-background-meta":{"desktop":{"background-color":"var(--ast-global-color-5)","background-image":"","background-repeat":"repeat","background-position":"center center","background-size":"auto","background-attachment":"scroll","background-type":"","background-media":"","overlay-type":"","overlay-color":"","overlay-opacity":"","overlay-gradient":""},"tablet":{"background-color":"","background-image":"","background-repeat":"repeat","background-position":"center center","background-size":"auto","background-attachment":"scroll","background-type":"","background-media":"","overlay-type":"","overlay-color":"","overlay-opacity":"","overlay-gradient":""},"mobile":{"background-color":"","background-image":"","background-repeat":"repeat","background-position":"center center","background-size":"auto","background-attachment":"scroll","background-type":"","background-media":"","overlay-type":"","overlay-color":"","overlay-opacity":"","overlay-gradient":""}},"ast-content-background-meta":{"desktop":{"background-color":"var(--ast-global-color-4)","background-image":"","background-repeat":"repeat","background-position":"center center","background-size":"auto","background-attachment":"scroll","background-type":"","background-media":"","overlay-type":"","overlay-color":"","overlay-opacity":"","overlay-gradient":""},"tablet":{"background-color":"var(--ast-global-color-4)","background-image":"","background-repeat":"repeat","background-position":"center center","background-size":"auto","background-attachment":"scroll","background-type":"","background-media":"","overlay-type":"","overlay-color":"","overlay-opacity":"","overlay-gradient":""},"mobile":{"background-color":"var(--ast-global-color-4)","background-image":"","background-repeat":"repeat","background-position":"center center","background-size":"auto","background-attachment":"scroll","background-type":"","background-media":"","overlay-type":"","overlay-color":"","overlay-opacity":"","overlay-gradient":""}},"footnotes":""},"class_list":["post-267","page","type-page","status-publish","has-post-thumbnail","hentry"],"yoast_head":"<!-- This site is optimized with the Yoast SEO plugin v26.4 - https:\/\/yoast.com\/wordpress\/plugins\/seo\/ -->\n<title>L&#039;association - UPA Cotentin<\/title>\n<meta name=\"description\" content=\"L\u2019Universit\u00e9 de la Paysannerie et de l\u2019Artisanat (UPA) est un lieu d\u00e9di\u00e9 \u00e0 la valorisation des savoir-faire paysans et artisanaux, \u00e0 la transmission des connaissances et \u00e0 la construction collective d\u2019un avenir durable.\" \/>\n<meta name=\"robots\" content=\"index, follow, max-snippet:-1, max-image-preview:large, max-video-preview:-1\" \/>\n<link rel=\"canonical\" href=\"https:\/\/upacotentin.fr\/index.php\/association\/\" \/>\n<meta property=\"og:locale\" content=\"fr_FR\" \/>\n<meta property=\"og:type\" content=\"article\" \/>\n<meta property=\"og:title\" content=\"L&#039;association - UPA Cotentin\" \/>\n<meta property=\"og:description\" content=\"L\u2019Universit\u00e9 de la Paysannerie et de l\u2019Artisanat (UPA) est un lieu d\u00e9di\u00e9 \u00e0 la valorisation des savoir-faire paysans et artisanaux, \u00e0 la transmission des connaissances et \u00e0 la construction collective d\u2019un avenir durable.\" \/>\n<meta property=\"og:url\" content=\"https:\/\/upacotentin.fr\/index.php\/association\/\" \/>\n<meta property=\"og:site_name\" content=\"UPA Cotentin\" \/>\n<meta property=\"article:modified_time\" content=\"2025-11-23T19:58:45+00:00\" \/>\n<meta property=\"og:image\" content=\"https:\/\/upacotentin.fr\/wp-content\/uploads\/2025\/08\/Logos-UPA-TRANSPARENT-1-edited.png\" \/>\n\t<meta property=\"og:image:width\" content=\"1149\" \/>\n\t<meta property=\"og:image:height\" content=\"1149\" \/>\n\t<meta property=\"og:image:type\" content=\"image\/png\" \/>\n<meta name=\"twitter:card\" content=\"summary_large_image\" \/>\n<meta name=\"twitter:label1\" content=\"Dur\u00e9e de lecture estim\u00e9e\" \/>\n\t<meta name=\"twitter:data1\" content=\"2 minutes\" \/>\n<script type=\"application\/ld+json\" class=\"yoast-schema-graph\">{\"@context\":\"https:\/\/schema.org\",\"@graph\":[{\"@type\":\"WebPage\",\"@id\":\"https:\/\/upacotentin.fr\/index.php\/association\/\",\"url\":\"https:\/\/upacotentin.fr\/index.php\/association\/\",\"name\":\"L'association - UPA Cotentin\",\"isPartOf\":{\"@id\":\"https:\/\/upacotentin.fr\/#website\"},\"primaryImageOfPage\":{\"@id\":\"https:\/\/upacotentin.fr\/index.php\/association\/#primaryimage\"},\"image\":{\"@id\":\"https:\/\/upacotentin.fr\/index.php\/association\/#primaryimage\"},\"thumbnailUrl\":\"https:\/\/upacotentin.fr\/wp-content\/uploads\/2025\/08\/Logos-UPA-TRANSPARENT-1-edited.png\",\"datePublished\":\"2025-10-15T19:21:25+00:00\",\"dateModified\":\"2025-11-23T19:58:45+00:00\",\"description\":\"L\u2019Universit\u00e9 de la Paysannerie et de l\u2019Artisanat (UPA) est un lieu d\u00e9di\u00e9 \u00e0 la valorisation des savoir-faire paysans et artisanaux, \u00e0 la transmission des connaissances et \u00e0 la construction collective d\u2019un avenir durable.\",\"breadcrumb\":{\"@id\":\"https:\/\/upacotentin.fr\/index.php\/association\/#breadcrumb\"},\"inLanguage\":\"fr-FR\",\"potentialAction\":[{\"@type\":\"ReadAction\",\"target\":[\"https:\/\/upacotentin.fr\/index.php\/association\/\"]}]},{\"@type\":\"ImageObject\",\"inLanguage\":\"fr-FR\",\"@id\":\"https:\/\/upacotentin.fr\/index.php\/association\/#primaryimage\",\"url\":\"https:\/\/upacotentin.fr\/wp-content\/uploads\/2025\/08\/Logos-UPA-TRANSPARENT-1-edited.png\",\"contentUrl\":\"https:\/\/upacotentin.fr\/wp-content\/uploads\/2025\/08\/Logos-UPA-TRANSPARENT-1-edited.png\",\"width\":1149,\"height\":1149},{\"@type\":\"BreadcrumbList\",\"@id\":\"https:\/\/upacotentin.fr\/index.php\/association\/#breadcrumb\",\"itemListElement\":[{\"@type\":\"ListItem\",\"position\":1,\"name\":\"Accueil\",\"item\":\"https:\/\/upacotentin.fr\/\"},{\"@type\":\"ListItem\",\"position\":2,\"name\":\"L&rsquo;association\"}]},{\"@type\":\"WebSite\",\"@id\":\"https:\/\/upacotentin.fr\/#website\",\"url\":\"https:\/\/upacotentin.fr\/\",\"name\":\"UPA Cotentin\",\"description\":\"Universit\u00e9 de la Paysannerie et de l&#039;Artisanat - Cotentin\",\"publisher\":{\"@id\":\"https:\/\/upacotentin.fr\/#organization\"},\"potentialAction\":[{\"@type\":\"SearchAction\",\"target\":{\"@type\":\"EntryPoint\",\"urlTemplate\":\"https:\/\/upacotentin.fr\/?s={search_term_string}\"},\"query-input\":{\"@type\":\"PropertyValueSpecification\",\"valueRequired\":true,\"valueName\":\"search_term_string\"}}],\"inLanguage\":\"fr-FR\"},{\"@type\":\"Organization\",\"@id\":\"https:\/\/upacotentin.fr\/#organization\",\"name\":\"Universit\u00e9 de la paysannerie et de l'artisanat - Cotentin\",\"alternateName\":\"UPA Cotentin\",\"url\":\"https:\/\/upacotentin.fr\/\",\"logo\":{\"@type\":\"ImageObject\",\"inLanguage\":\"fr-FR\",\"@id\":\"https:\/\/upacotentin.fr\/#\/schema\/logo\/image\/\",\"url\":\"https:\/\/upacotentin.fr\/wp-content\/uploads\/2025\/08\/cropped-Logos-UPA-TRANSPARENT-2.png\",\"contentUrl\":\"https:\/\/upacotentin.fr\/wp-content\/uploads\/2025\/08\/cropped-Logos-UPA-TRANSPARENT-2.png\",\"width\":1165,\"height\":536,\"caption\":\"Universit\u00e9 de la paysannerie et de l'artisanat - Cotentin\"},\"image\":{\"@id\":\"https:\/\/upacotentin.fr\/#\/schema\/logo\/image\/\"}}]}<\/script>\n<!-- \/ Yoast SEO plugin. -->","yoast_head_json":{"title":"L'association - UPA Cotentin","description":"L\u2019Universit\u00e9 de la Paysannerie et de l\u2019Artisanat (UPA) est un lieu d\u00e9di\u00e9 \u00e0 la valorisation des savoir-faire paysans et artisanaux, \u00e0 la transmission des connaissances et \u00e0 la construction collective d\u2019un avenir durable.","robots":{"index":"index","follow":"follow","max-snippet":"max-snippet:-1","max-image-preview":"max-image-preview:large","max-video-preview":"max-video-preview:-1"},"canonical":"https:\/\/upacotentin.fr\/index.php\/association\/","og_locale":"fr_FR","og_type":"article","og_title":"L'association - UPA Cotentin","og_description":"L\u2019Universit\u00e9 de la Paysannerie et de l\u2019Artisanat (UPA) est un lieu d\u00e9di\u00e9 \u00e0 la valorisation des savoir-faire paysans et artisanaux, \u00e0 la transmission des connaissances et \u00e0 la construction collective d\u2019un avenir durable.","og_url":"https:\/\/upacotentin.fr\/index.php\/association\/","og_site_name":"UPA Cotentin","article_modified_time":"2025-11-23T19:58:45+00:00","og_image":[{"width":1149,"height":1149,"url":"https:\/\/upacotentin.fr\/wp-content\/uploads\/2025\/08\/Logos-UPA-TRANSPARENT-1-edited.png","type":"image\/png"}],"twitter_card":"summary_large_image","twitter_misc":{"Dur\u00e9e de lecture estim\u00e9e":"2 minutes"},"schema":{"@context":"https:\/\/schema.org","@graph":[{"@type":"WebPage","@id":"https:\/\/upacotentin.fr\/index.php\/association\/","url":"https:\/\/upacotentin.fr\/index.php\/association\/","name":"L'association - UPA Cotentin","isPartOf":{"@id":"https:\/\/upacotentin.fr\/#website"},"primaryImageOfPage":{"@id":"https:\/\/upacotentin.fr\/index.php\/association\/#primaryimage"},"image":{"@id":"https:\/\/upacotentin.fr\/index.php\/association\/#primaryimage"},"thumbnailUrl":"https:\/\/upacotentin.fr\/wp-content\/uploads\/2025\/08\/Logos-UPA-TRANSPARENT-1-edited.png","datePublished":"2025-10-15T19:21:25+00:00","dateModified":"2025-11-23T19:58:45+00:00","description":"L\u2019Universit\u00e9 de la Paysannerie et de l\u2019Artisanat (UPA) est un lieu d\u00e9di\u00e9 \u00e0 la valorisation des savoir-faire paysans et artisanaux, \u00e0 la transmission des connaissances et \u00e0 la construction collective d\u2019un avenir durable.","breadcrumb":{"@id":"https:\/\/upacotentin.fr\/index.php\/association\/#breadcrumb"},"inLanguage":"fr-FR","potentialAction":[{"@type":"ReadAction","target":["https:\/\/upacotentin.fr\/index.php\/association\/"]}]},{"@type":"ImageObject","inLanguage":"fr-FR","@id":"https:\/\/upacotentin.fr\/index.php\/association\/#primaryimage","url":"https:\/\/upacotentin.fr\/wp-content\/uploads\/2025\/08\/Logos-UPA-TRANSPARENT-1-edited.png","contentUrl":"https:\/\/upacotentin.fr\/wp-content\/uploads\/2025\/08\/Logos-UPA-TRANSPARENT-1-edited.png","width":1149,"height":1149},{"@type":"BreadcrumbList","@id":"https:\/\/upacotentin.fr\/index.php\/association\/#breadcrumb","itemListElement":[{"@type":"ListItem","position":1,"name":"Accueil","item":"https:\/\/upacotentin.fr\/"},{"@type":"ListItem","position":2,"name":"L&rsquo;association"}]},{"@type":"WebSite","@id":"https:\/\/upacotentin.fr\/#website","url":"https:\/\/upacotentin.fr\/","name":"UPA Cotentin","description":"Universit\u00e9 de la Paysannerie et de l&#039;Artisanat - Cotentin","publisher":{"@id":"https:\/\/upacotentin.fr\/#organization"},"potentialAction":[{"@type":"SearchAction","target":{"@type":"EntryPoint","urlTemplate":"https:\/\/upacotentin.fr\/?s={search_term_string}"},"query-input":{"@type":"PropertyValueSpecification","valueRequired":true,"valueName":"search_term_string"}}],"inLanguage":"fr-FR"},{"@type":"Organization","@id":"https:\/\/upacotentin.fr\/#organization","name":"Universit\u00e9 de la paysannerie et de l'artisanat - Cotentin","alternateName":"UPA Cotentin","url":"https:\/\/upacotentin.fr\/","logo":{"@type":"ImageObject","inLanguage":"fr-FR","@id":"https:\/\/upacotentin.fr\/#\/schema\/logo\/image\/","url":"https:\/\/upacotentin.fr\/wp-content\/uploads\/2025\/08\/cropped-Logos-UPA-TRANSPARENT-2.png","contentUrl":"https:\/\/upacotentin.fr\/wp-content\/uploads\/2025\/08\/cropped-Logos-UPA-TRANSPARENT-2.png","width":1165,"height":536,"caption":"Universit\u00e9 de la paysannerie et de l'artisanat - Cotentin"},"image":{"@id":"https:\/\/upacotentin.fr\/#\/schema\/logo\/image\/"}}]}},"uagb_featured_image_src":{"full":["https:\/\/upacotentin.fr\/wp-content\/uploads\/2025\/08\/Logos-UPA-TRANSPARENT-1-edited.png",1149,1149,false],"thumbnail":["https:\/\/upacotentin.fr\/wp-content\/uploads\/2025\/08\/Logos-UPA-TRANSPARENT-1-edited-150x150.png",150,150,true],"medium":["https:\/\/upacotentin.fr\/wp-content\/uploads\/2025\/08\/Logos-UPA-TRANSPARENT-1-edited-300x300.png",300,300,true],"medium_large":["https:\/\/upacotentin.fr\/wp-content\/uploads\/2025\/08\/Logos-UPA-TRANSPARENT-1-edited-768x768.png",768,768,true],"large":["https:\/\/upacotentin.fr\/wp-content\/uploads\/2025\/08\/Logos-UPA-TRANSPARENT-1-edited-1024x1024.png",1024,1024,true],"1536x1536":["https:\/\/upacotentin.fr\/wp-content\/uploads\/2025\/08\/Logos-UPA-TRANSPARENT-1-edited.png",1149,1149,false],"2048x2048":["https:\/\/upacotentin.fr\/wp-content\/uploads\/2025\/08\/Logos-UPA-TRANSPARENT-1-edited.png",1149,1149,false]},"uagb_author_info":{"display_name":"Vincent","author_link":"https:\/\/upacotentin.fr\/index.php\/author\/admin4977\/"},"uagb_comment_info":0,"uagb_excerpt":"L&rsquo;association Rejoignez l&rsquo;UPA ! L\u2019Universit\u00e9 de la Paysannerie et de l\u2019Artisanat (UPA) est un lieu d\u00e9di\u00e9 \u00e0 la valorisation des [&hellip;]","_links":{"self":[{"href":"https:\/\/upacotentin.fr\/index.php\/wp-json\/wp\/v2\/pages\/267","targetHints":{"allow":["GET"]}}],"collection":[{"href":"https:\/\/upacotentin.fr\/index.php\/wp-json\/wp\/v2\/pages"}],"about":[{"href":"https:\/\/upacotentin.fr\/index.php\/wp-json\/wp\/v2\/types\/page"}],"author":[{"embeddable":true,"href":"https:\/\/upacotentin.fr\/index.php\/wp-json\/wp\/v2\/users\/1"}],"replies":[{"embeddable":true,"href":"https:\/\/upacotentin.fr\/index.php\/wp-json\/wp\/v2\/comments?post=267"}],"version-history":[{"count":7,"href":"https:\/\/upacotentin.fr\/index.php\/wp-json\/wp\/v2\/pages\/267\/revisions"}],"predecessor-version":[{"id":316,"href":"https:\/\/upacotentin.fr\/index.php\/wp-json\/wp\/v2\/pages\/267\/revisions\/316"}],"wp:featuredmedia":[{"embeddable":true,"href":"https:\/\/upacotentin.fr\/index.php\/wp-json\/wp\/v2\/media\/110"}],"wp:attachment":[{"href":"https:\/\/upacotentin.fr\/index.php\/wp-json\/wp\/v2\/media?parent=267"}],"curies":[{"name":"wp","href":"https:\/\/api.w.org\/{rel}","templated":true}]}}