{"id":305,"date":"2025-11-23T15:17:42","date_gmt":"2025-11-23T14:17:42","guid":{"rendered":"https:\/\/upacotentin.fr\/?page_id=305"},"modified":"2025-11-23T20:41:55","modified_gmt":"2025-11-23T19:41:55","slug":"adherer-a-lupa","status":"publish","type":"page","link":"https:\/\/upacotentin.fr\/index.php\/association\/adherer-a-lupa\/","title":{"rendered":"Adh\u00e9rer \u00e0 l\u2019UPA"},"content":{"rendered":"\n<div class=\"forminator-guttenberg\"><div class=\"forminator-ui forminator-custom-form forminator-custom-form-303 forminator-design--default  forminator_ajax\" data-forminator-render=\"0\" data-form=\"forminator-module-303\" data-uid=\"69f541dfa0e92\"><br\/><\/div><form\n\t\t\t\tid=\"forminator-module-303\"\n\t\t\t\tclass=\"forminator-ui forminator-custom-form forminator-custom-form-303 forminator-design--default  forminator_ajax\"\n\t\t\t\tmethod=\"post\"\n\t\t\t\tdata-forminator-render=\"0\"\n\t\t\t\tdata-form-id=\"303\"\n\t\t\t\t data-color-option=\"theme\" data-design=\"default\" data-grid=\"open\" style=\"display: none;\"\n\t\t\t\tdata-uid=\"69f541dfa0e92\"\n\t\t\t><div role=\"alert\" aria-live=\"polite\" class=\"forminator-response-message forminator-error\" aria-hidden=\"true\"><\/div><div class=\"forminator-row\"><div id=\"name-1\" class=\"forminator-field-name forminator-col forminator-col-6 \"><div class=\"forminator-field\"><label for=\"forminator-field-name-1_69f541dfa0e92\" id=\"forminator-field-name-1_69f541dfa0e92-label\" class=\"forminator-label\">Pr\u00e9nom <span class=\"forminator-required\">*<\/span><\/label><input type=\"text\" name=\"name-1\" value=\"\" placeholder=\"\" id=\"forminator-field-name-1_69f541dfa0e92\" class=\"forminator-input forminator-name--field\" aria-required=\"true\" autocomplete=\"name\" \/><\/div><\/div><div id=\"name-2\" class=\"forminator-field-name forminator-col forminator-col-6 \"><div class=\"forminator-field\"><label for=\"forminator-field-name-2_69f541dfa0e92\" id=\"forminator-field-name-2_69f541dfa0e92-label\" class=\"forminator-label\">Nom <span class=\"forminator-required\">*<\/span><\/label><input type=\"text\" name=\"name-2\" value=\"\" placeholder=\"\" id=\"forminator-field-name-2_69f541dfa0e92\" class=\"forminator-input forminator-name--field\" aria-required=\"true\" autocomplete=\"name\" \/><\/div><\/div><\/div><div class=\"forminator-row\"><div id=\"date-1\" class=\"forminator-field-date forminator-col forminator-col-12 \"><div class=\"forminator-field\"><label for=\"forminator-field-date-1-picker_69f541dfa0e92\" id=\"forminator-field-date-1-picker_69f541dfa0e92-label\" class=\"forminator-label\">Date de naissance<\/label><div class=\"forminator-input-with-icon\"><span class=\"forminator-icon-calendar\" aria-hidden=\"true\"><\/span><input autocomplete=\"off\" type=\"text\" size=\"1\" name=\"date-1\" value=\"\" placeholder=\"Choisissez une date\" id=\"forminator-field-date-1-picker_69f541dfa0e92\" class=\"forminator-input forminator-datepicker\" data-required=\"\" data-format=\"mm\/dd\/yy\" data-restrict-type=\"\" data-restrict=\"\" data-start-year=\"1926\" data-end-year=\"2126\" data-past-dates=\"enable\" data-start-of-week=\"1\" data-start-date=\"\" data-end-date=\"\" data-start-field=\"\" data-end-field=\"\" data-start-offset=\"\" data-end-offset=\"\" data-disable-date=\"\" data-disable-range=\"\" \/><\/div><\/div><\/div><\/div><div class=\"forminator-row\"><div id=\"address-1\" class=\"forminator-field-address forminator-col forminator-col-12 \"><div class=\"forminator-row\"><div id=\"address-1-street_address\" class=\"forminator-col\"><div class=\"forminator-field\"><label for=\"forminator-field-address-1-street_address_69f541dfa0e92\" id=\"forminator-field-address-1-street_address_69f541dfa0e92-label\" class=\"forminator-label\">Rue <span class=\"forminator-required\">*<\/span><\/label><input type=\"text\" name=\"address-1-street_address\" placeholder=\"\" id=\"forminator-field-address-1-street_address_69f541dfa0e92\" class=\"forminator-input\" data-required=\"1\" aria-required=\"true\" autocomplete=\"address-line1\" value=\"\" \/><\/div><\/div><\/div><div class=\"forminator-row\"><div id=\"address-1-address_line\" class=\"forminator-col\"><div class=\"forminator-field\"><label for=\"forminator-field-address-1-address_line_69f541dfa0e92\" id=\"forminator-field-address-1-address_line_69f541dfa0e92-label\" class=\"forminator-label\">Appartement, suite, etc.<\/label><input type=\"text\" name=\"address-1-address_line\" placeholder=\"\" id=\"forminator-field-address-1-address_line_69f541dfa0e92\" class=\"forminator-input\" data-required=\"\" aria-required=\"false\" autocomplete=\"address-line2\" value=\"\" \/><\/div><\/div><\/div><div class=\"forminator-row\" data-multiple=\"false\"><div id=\"address-1-city\" class=\"forminator-col forminator-col-12\"><div class=\"forminator-field\"><label for=\"forminator-field-address-1-city_69f541dfa0e92\" id=\"forminator-field-address-1-city_69f541dfa0e92-label\" class=\"forminator-label\">Ville <span class=\"forminator-required\">*<\/span><\/label><input type=\"text\" name=\"address-1-city\" placeholder=\"\" id=\"forminator-field-address-1-city_69f541dfa0e92\" class=\"forminator-input\" data-required=\"1\" aria-required=\"true\" autocomplete=\"address-level2\" value=\"\" \/><\/div><\/div><\/div><div class=\"forminator-row\" data-multiple=\"false\"><div id=\"address-1-zip\" class=\"forminator-col forminator-col-12\"><div class=\"forminator-field\"><label for=\"forminator-field-address-1-zip_69f541dfa0e92\" id=\"forminator-field-address-1-zip_69f541dfa0e92-label\" class=\"forminator-label\">Code postal <span class=\"forminator-required\">*<\/span><\/label><input type=\"text\" name=\"address-1-zip\" placeholder=\"\" id=\"forminator-field-address-1-zip_69f541dfa0e92\" class=\"forminator-input\" autocomplete=\"postal-code\" value=\"\" \/><\/div><\/div><\/div><\/div><\/div><div class=\"forminator-row\"><div id=\"phone-1\" class=\"forminator-field-phone forminator-col forminator-col-12 \"><div class=\"forminator-field\"><label for=\"forminator-field-phone-1_69f541dfa0e92\" id=\"forminator-field-phone-1_69f541dfa0e92-label\" class=\"forminator-label\">Num\u00e9ro de t\u00e9l\u00e9phone<\/label><input type=\"text\" name=\"phone-1\" value=\"\" placeholder=\"\" id=\"forminator-field-phone-1_69f541dfa0e92\" class=\"forminator-input forminator-field--phone\" data-required=\"\" aria-required=\"false\" autocomplete=\"off\" \/><\/div><\/div><\/div><div class=\"forminator-row\"><div id=\"email-1\" class=\"forminator-field-email forminator-col forminator-col-12 \"><div class=\"forminator-field\"><label for=\"forminator-field-email-1_69f541dfa0e92\" id=\"forminator-field-email-1_69f541dfa0e92-label\" class=\"forminator-label\">Adresse de messagerie <span class=\"forminator-required\">*<\/span><\/label><input type=\"email\" name=\"email-1\" value=\"\" placeholder=\"\" id=\"forminator-field-email-1_69f541dfa0e92\" class=\"forminator-input forminator-email--field\" data-required=\"true\" aria-required=\"true\" autocomplete=\"email\" \/><\/div><\/div><\/div><div class=\"forminator-row\"><div id=\"currency-1\" class=\"forminator-field-currency forminator-col forminator-col-12 \"><div class=\"forminator-field\"><label for=\"forminator-field-currency-1_69f541dfa0e92\" id=\"forminator-field-currency-1_69f541dfa0e92-label\" class=\"forminator-label\">Montant de la cotisation <span class=\"forminator-required\">*<\/span><\/label><div class=\"forminator-input-with-suffix\"><input name=\"currency-1\" value=\"10\" placeholder=\"(minimum 10\u20ac)\" id=\"forminator-field-currency-1_69f541dfa0e92\" class=\"forminator-input forminator-currency\" data-required=\"1\" aria-required=\"1\" data-decimals=\"2\" data-inputmask=\"&#039;groupSeparator&#039;: &#039;&#039;, &#039;radixPoint&#039;: &#039;.&#039;, &#039;digits&#039;: &#039;2&#039;\" data-hidden-behavior=\"zero\" type=\"number\" step=\"any\" \/><span class=\"forminator-suffix\">EUR<\/span><\/div><\/div><\/div><\/div><div class=\"forminator-row\"><div id=\"select-1\" class=\"forminator-field-select forminator-col forminator-col-12 \"><div class=\"forminator-field\"><label for=\"forminator-form-303__field--select-1_69f541dfa0e92\" id=\"forminator-form-303__field--select-1_69f541dfa0e92-label\" class=\"forminator-label\">S\u00e9lectionner un mode de r\u00e8glement <span class=\"forminator-required\">*<\/span><\/label><select  id=\"forminator-form-303__field--select-1_69f541dfa0e92\" class=\"forminator-select--field forminator-select2 forminator-select2-multiple\" data-required=\"1\" name=\"select-1\" data-default-value=\"one\" data-hidden-behavior=\"zero\" data-placeholder=\"R\u00e8glement de la cotisation :\" data-search=\"false\" data-search-placeholder=\"R\u00e8glement de la cotisation :\" data-checkbox=\"false\" data-allow-clear=\"false\" aria-labelledby=\"forminator-form-303__field--select-1_69f541dfa0e92-label\"><option value=\"\"  >R\u00e8glement de la cotisation :<\/option><option value=\"one\" selected=\"selected\" data-calculation=\"0\">Virement (vous recevrez un RIB pour effectuer le virement)<\/option><option value=\"two\"  data-calculation=\"0\">En esp\u00e8ces ou ch\u00e8que \u00e0 l\u2019occasion d\u2019une rencontre<\/option><\/select><\/div><\/div><\/div><div class=\"forminator-row\"><div id=\"consent-1\" class=\"forminator-field-consent forminator-col forminator-col-12 \"><div class=\"forminator-field\"><label for=\"forminator-field-consent-1_69f541dfa0e92\" id=\"forminator-field-consent-1_69f541dfa0e92-label\" class=\"forminator-label\">D\u00e9claration <span class=\"forminator-required\">*<\/span><\/label><div class=\"forminator-checkbox__wrapper\"><label id=\"forminator-field-consent-1_69f541dfa0e92__label\" class=\"forminator-checkbox forminator-consent\" aria-labelledby=\"forminator-field-consent-1_69f541dfa0e92-label\" aria-hidden=\"true\"><input type=\"checkbox\" name=\"consent-1\" id=\"forminator-field-consent-1_69f541dfa0e92\" value=\"checked\" aria-labelledby=\"forminator-field-consent-1_69f541dfa0e92-label\" aria-describedby=\"forminator-field-consent-1_69f541dfa0e92__description\" data-required=\"true\" aria-required=\"true\" \/><span class=\"forminator-checkbox-box\" aria-hidden=\"true\"><\/span><\/label><div id=\"forminator-field-consent-1_69f541dfa0e92__description\" class=\"forminator-checkbox__label forminator-consent__label\"><p>Je d\u00e9clare, par la pr\u00e9sente, souhaiter devenir adh\u00e9rent(e) de l\u2019association UPA Cotentin Je reconnais avoir pris connaissance de l\u2019objet associatif, des statuts ainsi que du r\u00e8glement int\u00e9rieur. Je prends note de mes droits et devoirs en tant que membre de l\u2019association et accepte de verser la cotisation du montant indiqu\u00e9 ci-dessus en contrepartie de l\u2019adh\u00e9sion.<\/p><\/div><\/div><\/div><\/div><\/div><div class=\"forminator-row\"><div id=\"captcha-1\" class=\"forminator-field-captcha forminator-col forminator-col-12 \"><div class=\"forminator-captcha-left forminator-turnstile\" data-theme=\"auto\" data-language=\"fr-fr\" data-sitekey=\"0x4AAAAAACBQNe1YBPz7BNtX\" data-size=\"normal\"><\/div> <\/div><\/div><input type=\"hidden\" name=\"referer_url\" value=\"\" \/><div class=\"forminator-row forminator-row-last\"><div class=\"forminator-col\"><div class=\"forminator-field\"><button class=\"forminator-button forminator-button-submit\">Envoyer<\/button><\/div><\/div><\/div><input type=\"hidden\" id=\"forminator_nonce\" name=\"forminator_nonce\" value=\"4d63d31129\" \/><input type=\"hidden\" name=\"_wp_http_referer\" value=\"\/index.php\/wp-json\/wp\/v2\/pages\/305\" \/><input type=\"hidden\" name=\"form_id\" value=\"303\"><input type=\"hidden\" name=\"page_id\" value=\"305\"><input type=\"hidden\" name=\"form_type\" value=\"default\"><input type=\"hidden\" name=\"current_url\" value=\"https:\/\/upacotentin.fr\/index.php\/association\/adherer-a-lupa\/\"><input type=\"hidden\" name=\"render_id\" value=\"0\"><input type=\"hidden\" name=\"action\" value=\"forminator_submit_form_custom-forms\"><label for=\"input_10\" class=\"forminator-hidden\" aria-hidden=\"true\">Veuillez ne pas remplir ce champ. <input id=\"input_10\" type=\"text\" name=\"input_10\" value=\"\" autocomplete=\"off\"><\/label><\/form><\/div>\n","protected":false},"excerpt":{"rendered":"","protected":false},"author":5,"featured_media":0,"parent":267,"menu_order":0,"comment_status":"closed","ping_status":"closed","template":"","meta":{"_uag_custom_page_level_css":"","site-sidebar-layout":"default","site-content-layout":"","ast-site-content-layout":"default","site-content-style":"default","site-sidebar-style":"default","ast-global-header-display":"","ast-banner-title-visibility":"","ast-main-header-display":"","ast-hfb-above-header-display":"","ast-hfb-below-header-display":"","ast-hfb-mobile-header-display":"","site-post-title":"","ast-breadcrumbs-content":"","ast-featured-img":"","footer-sml-layout":"","theme-transparent-header-meta":"","adv-header-id-meta":"","stick-header-meta":"","header-above-stick-meta":"","header-main-stick-meta":"","header-below-stick-meta":"","astra-migrate-meta-layouts":"default","ast-page-background-enabled":"default","ast-page-background-meta":{"desktop":{"background-color":"var(--ast-global-color-5)","background-image":"","background-repeat":"repeat","background-position":"center center","background-size":"auto","background-attachment":"scroll","background-type":"","background-media":"","overlay-type":"","overlay-color":"","overlay-opacity":"","overlay-gradient":""},"tablet":{"background-color":"","background-image":"","background-repeat":"repeat","background-position":"center center","background-size":"auto","background-attachment":"scroll","background-type":"","background-media":"","overlay-type":"","overlay-color":"","overlay-opacity":"","overlay-gradient":""},"mobile":{"background-color":"","background-image":"","background-repeat":"repeat","background-position":"center center","background-size":"auto","background-attachment":"scroll","background-type":"","background-media":"","overlay-type":"","overlay-color":"","overlay-opacity":"","overlay-gradient":""}},"ast-content-background-meta":{"desktop":{"background-color":"var(--ast-global-color-4)","background-image":"","background-repeat":"repeat","background-position":"center center","background-size":"auto","background-attachment":"scroll","background-type":"","background-media":"","overlay-type":"","overlay-color":"","overlay-opacity":"","overlay-gradient":""},"tablet":{"background-color":"var(--ast-global-color-4)","background-image":"","background-repeat":"repeat","background-position":"center center","background-size":"auto","background-attachment":"scroll","background-type":"","background-media":"","overlay-type":"","overlay-color":"","overlay-opacity":"","overlay-gradient":""},"mobile":{"background-color":"var(--ast-global-color-4)","background-image":"","background-repeat":"repeat","background-position":"center center","background-size":"auto","background-attachment":"scroll","background-type":"","background-media":"","overlay-type":"","overlay-color":"","overlay-opacity":"","overlay-gradient":""}},"footnotes":""},"class_list":["post-305","page","type-page","status-publish","hentry"],"yoast_head":"<!-- This site is optimized with the Yoast SEO plugin v26.4 - https:\/\/yoast.com\/wordpress\/plugins\/seo\/ -->\n<title>Adh\u00e9rer \u00e0 l\u2019UPA - UPA Cotentin<\/title>\n<meta name=\"robots\" content=\"index, follow, max-snippet:-1, max-image-preview:large, max-video-preview:-1\" \/>\n<link rel=\"canonical\" href=\"https:\/\/upacotentin.fr\/index.php\/association\/adherer-a-lupa\/\" \/>\n<meta property=\"og:locale\" content=\"fr_FR\" \/>\n<meta property=\"og:type\" content=\"article\" \/>\n<meta property=\"og:title\" content=\"Adh\u00e9rer \u00e0 l\u2019UPA - UPA Cotentin\" \/>\n<meta property=\"og:url\" content=\"https:\/\/upacotentin.fr\/index.php\/association\/adherer-a-lupa\/\" \/>\n<meta property=\"og:site_name\" content=\"UPA Cotentin\" \/>\n<meta property=\"article:modified_time\" content=\"2025-11-23T19:41:55+00:00\" \/>\n<meta name=\"twitter:card\" content=\"summary_large_image\" \/>\n<meta name=\"twitter:label1\" content=\"Dur\u00e9e de lecture estim\u00e9e\" \/>\n\t<meta name=\"twitter:data1\" content=\"1 minute\" \/>\n<script type=\"application\/ld+json\" class=\"yoast-schema-graph\">{\"@context\":\"https:\/\/schema.org\",\"@graph\":[{\"@type\":\"WebPage\",\"@id\":\"https:\/\/upacotentin.fr\/index.php\/association\/adherer-a-lupa\/\",\"url\":\"https:\/\/upacotentin.fr\/index.php\/association\/adherer-a-lupa\/\",\"name\":\"Adh\u00e9rer \u00e0 l\u2019UPA - UPA Cotentin\",\"isPartOf\":{\"@id\":\"https:\/\/upacotentin.fr\/#website\"},\"datePublished\":\"2025-11-23T14:17:42+00:00\",\"dateModified\":\"2025-11-23T19:41:55+00:00\",\"breadcrumb\":{\"@id\":\"https:\/\/upacotentin.fr\/index.php\/association\/adherer-a-lupa\/#breadcrumb\"},\"inLanguage\":\"fr-FR\",\"potentialAction\":[{\"@type\":\"ReadAction\",\"target\":[\"https:\/\/upacotentin.fr\/index.php\/association\/adherer-a-lupa\/\"]}]},{\"@type\":\"BreadcrumbList\",\"@id\":\"https:\/\/upacotentin.fr\/index.php\/association\/adherer-a-lupa\/#breadcrumb\",\"itemListElement\":[{\"@type\":\"ListItem\",\"position\":1,\"name\":\"Accueil\",\"item\":\"https:\/\/upacotentin.fr\/\"},{\"@type\":\"ListItem\",\"position\":2,\"name\":\"L&rsquo;association\",\"item\":\"https:\/\/upacotentin.fr\/index.php\/association\/\"},{\"@type\":\"ListItem\",\"position\":3,\"name\":\"Adh\u00e9rer \u00e0 l\u2019UPA\"}]},{\"@type\":\"WebSite\",\"@id\":\"https:\/\/upacotentin.fr\/#website\",\"url\":\"https:\/\/upacotentin.fr\/\",\"name\":\"UPA Cotentin\",\"description\":\"Universit\u00e9 de la Paysannerie et de l&#039;Artisanat - Cotentin\",\"publisher\":{\"@id\":\"https:\/\/upacotentin.fr\/#organization\"},\"potentialAction\":[{\"@type\":\"SearchAction\",\"target\":{\"@type\":\"EntryPoint\",\"urlTemplate\":\"https:\/\/upacotentin.fr\/?s={search_term_string}\"},\"query-input\":{\"@type\":\"PropertyValueSpecification\",\"valueRequired\":true,\"valueName\":\"search_term_string\"}}],\"inLanguage\":\"fr-FR\"},{\"@type\":\"Organization\",\"@id\":\"https:\/\/upacotentin.fr\/#organization\",\"name\":\"Universit\u00e9 de la paysannerie et de l'artisanat - Cotentin\",\"alternateName\":\"UPA Cotentin\",\"url\":\"https:\/\/upacotentin.fr\/\",\"logo\":{\"@type\":\"ImageObject\",\"inLanguage\":\"fr-FR\",\"@id\":\"https:\/\/upacotentin.fr\/#\/schema\/logo\/image\/\",\"url\":\"https:\/\/upacotentin.fr\/wp-content\/uploads\/2025\/08\/cropped-Logos-UPA-TRANSPARENT-2.png\",\"contentUrl\":\"https:\/\/upacotentin.fr\/wp-content\/uploads\/2025\/08\/cropped-Logos-UPA-TRANSPARENT-2.png\",\"width\":1165,\"height\":536,\"caption\":\"Universit\u00e9 de la paysannerie et de l'artisanat - Cotentin\"},\"image\":{\"@id\":\"https:\/\/upacotentin.fr\/#\/schema\/logo\/image\/\"}}]}<\/script>\n<!-- \/ Yoast SEO plugin. -->","yoast_head_json":{"title":"Adh\u00e9rer \u00e0 l\u2019UPA - UPA Cotentin","robots":{"index":"index","follow":"follow","max-snippet":"max-snippet:-1","max-image-preview":"max-image-preview:large","max-video-preview":"max-video-preview:-1"},"canonical":"https:\/\/upacotentin.fr\/index.php\/association\/adherer-a-lupa\/","og_locale":"fr_FR","og_type":"article","og_title":"Adh\u00e9rer \u00e0 l\u2019UPA - UPA Cotentin","og_url":"https:\/\/upacotentin.fr\/index.php\/association\/adherer-a-lupa\/","og_site_name":"UPA Cotentin","article_modified_time":"2025-11-23T19:41:55+00:00","twitter_card":"summary_large_image","twitter_misc":{"Dur\u00e9e de lecture estim\u00e9e":"1 minute"},"schema":{"@context":"https:\/\/schema.org","@graph":[{"@type":"WebPage","@id":"https:\/\/upacotentin.fr\/index.php\/association\/adherer-a-lupa\/","url":"https:\/\/upacotentin.fr\/index.php\/association\/adherer-a-lupa\/","name":"Adh\u00e9rer \u00e0 l\u2019UPA - UPA Cotentin","isPartOf":{"@id":"https:\/\/upacotentin.fr\/#website"},"datePublished":"2025-11-23T14:17:42+00:00","dateModified":"2025-11-23T19:41:55+00:00","breadcrumb":{"@id":"https:\/\/upacotentin.fr\/index.php\/association\/adherer-a-lupa\/#breadcrumb"},"inLanguage":"fr-FR","potentialAction":[{"@type":"ReadAction","target":["https:\/\/upacotentin.fr\/index.php\/association\/adherer-a-lupa\/"]}]},{"@type":"BreadcrumbList","@id":"https:\/\/upacotentin.fr\/index.php\/association\/adherer-a-lupa\/#breadcrumb","itemListElement":[{"@type":"ListItem","position":1,"name":"Accueil","item":"https:\/\/upacotentin.fr\/"},{"@type":"ListItem","position":2,"name":"L&rsquo;association","item":"https:\/\/upacotentin.fr\/index.php\/association\/"},{"@type":"ListItem","position":3,"name":"Adh\u00e9rer \u00e0 l\u2019UPA"}]},{"@type":"WebSite","@id":"https:\/\/upacotentin.fr\/#website","url":"https:\/\/upacotentin.fr\/","name":"UPA Cotentin","description":"Universit\u00e9 de la Paysannerie et de l&#039;Artisanat - Cotentin","publisher":{"@id":"https:\/\/upacotentin.fr\/#organization"},"potentialAction":[{"@type":"SearchAction","target":{"@type":"EntryPoint","urlTemplate":"https:\/\/upacotentin.fr\/?s={search_term_string}"},"query-input":{"@type":"PropertyValueSpecification","valueRequired":true,"valueName":"search_term_string"}}],"inLanguage":"fr-FR"},{"@type":"Organization","@id":"https:\/\/upacotentin.fr\/#organization","name":"Universit\u00e9 de la paysannerie et de l'artisanat - Cotentin","alternateName":"UPA Cotentin","url":"https:\/\/upacotentin.fr\/","logo":{"@type":"ImageObject","inLanguage":"fr-FR","@id":"https:\/\/upacotentin.fr\/#\/schema\/logo\/image\/","url":"https:\/\/upacotentin.fr\/wp-content\/uploads\/2025\/08\/cropped-Logos-UPA-TRANSPARENT-2.png","contentUrl":"https:\/\/upacotentin.fr\/wp-content\/uploads\/2025\/08\/cropped-Logos-UPA-TRANSPARENT-2.png","width":1165,"height":536,"caption":"Universit\u00e9 de la paysannerie et de l'artisanat - Cotentin"},"image":{"@id":"https:\/\/upacotentin.fr\/#\/schema\/logo\/image\/"}}]}},"uagb_featured_image_src":{"full":false,"thumbnail":false,"medium":false,"medium_large":false,"large":false,"1536x1536":false,"2048x2048":false},"uagb_author_info":{"display_name":"Nicolas","author_link":"https:\/\/upacotentin.fr\/index.php\/author\/nicolas-vivier\/"},"uagb_comment_info":0,"uagb_excerpt":null,"_links":{"self":[{"href":"https:\/\/upacotentin.fr\/index.php\/wp-json\/wp\/v2\/pages\/305","targetHints":{"allow":["GET"]}}],"collection":[{"href":"https:\/\/upacotentin.fr\/index.php\/wp-json\/wp\/v2\/pages"}],"about":[{"href":"https:\/\/upacotentin.fr\/index.php\/wp-json\/wp\/v2\/types\/page"}],"author":[{"embeddable":true,"href":"https:\/\/upacotentin.fr\/index.php\/wp-json\/wp\/v2\/users\/5"}],"replies":[{"embeddable":true,"href":"https:\/\/upacotentin.fr\/index.php\/wp-json\/wp\/v2\/comments?post=305"}],"version-history":[{"count":1,"href":"https:\/\/upacotentin.fr\/index.php\/wp-json\/wp\/v2\/pages\/305\/revisions"}],"predecessor-version":[{"id":307,"href":"https:\/\/upacotentin.fr\/index.php\/wp-json\/wp\/v2\/pages\/305\/revisions\/307"}],"up":[{"embeddable":true,"href":"https:\/\/upacotentin.fr\/index.php\/wp-json\/wp\/v2\/pages\/267"}],"wp:attachment":[{"href":"https:\/\/upacotentin.fr\/index.php\/wp-json\/wp\/v2\/media?parent=305"}],"curies":[{"name":"wp","href":"https:\/\/api.w.org\/{rel}","templated":true}]}}